{"id":377,"date":"2025-09-22T16:17:39","date_gmt":"2025-09-22T16:17:39","guid":{"rendered":"https:\/\/www.vpksystem.sk\/?page_id=377"},"modified":"2025-09-22T16:17:39","modified_gmt":"2025-09-22T16:17:39","slug":"o-mne","status":"publish","type":"page","link":"https:\/\/www.vpksystem.sk\/?page_id=377","title":{"rendered":"O mne"},"content":{"rendered":"","protected":false},"excerpt":{"rendered":"","protected":false},"author":1,"featured_media":0,"parent":0,"menu_order":0,"comment_status":"closed","ping_status":"closed","template":"o-mne.php","meta":{"footnotes":""},"class_list":["post-377","page","type-page","status-publish","hentry"],"yoast_head":"<!-- This site is optimized with the Yoast SEO plugin v27.4 - https:\/\/yoast.com\/product\/yoast-seo-wordpress\/ -->\n<title>O mne - vpksystem.sk<\/title>\n<meta name=\"robots\" content=\"index, follow, max-snippet:-1, max-image-preview:large, max-video-preview:-1\" \/>\n<link rel=\"canonical\" href=\"https:\/\/www.vpksystem.sk\/?page_id=377\" \/>\n<meta property=\"og:locale\" content=\"sk_SK\" \/>\n<meta property=\"og:type\" content=\"article\" \/>\n<meta property=\"og:title\" content=\"O mne - vpksystem.sk\" \/>\n<meta property=\"og:url\" content=\"https:\/\/www.vpksystem.sk\/?page_id=377\" \/>\n<meta property=\"og:site_name\" content=\"vpksystem.sk\" \/>\n<meta property=\"article:publisher\" content=\"https:\/\/www.facebook.com\/vpksystem.sk\/\" \/>\n<meta name=\"twitter:card\" content=\"summary_large_image\" \/>\n<script type=\"application\/ld+json\" class=\"yoast-schema-graph\">{\"@context\":\"https:\\\/\\\/schema.org\",\"@graph\":[{\"@type\":\"WebPage\",\"@id\":\"https:\\\/\\\/www.vpksystem.sk\\\/?page_id=377\",\"url\":\"https:\\\/\\\/www.vpksystem.sk\\\/?page_id=377\",\"name\":\"O mne - vpksystem.sk\",\"isPartOf\":{\"@id\":\"https:\\\/\\\/www.vpksystem.sk\\\/#website\"},\"datePublished\":\"2025-09-22T16:17:39+00:00\",\"breadcrumb\":{\"@id\":\"https:\\\/\\\/www.vpksystem.sk\\\/?page_id=377#breadcrumb\"},\"inLanguage\":\"sk-SK\",\"potentialAction\":[{\"@type\":\"ReadAction\",\"target\":[\"https:\\\/\\\/www.vpksystem.sk\\\/?page_id=377\"]}]},{\"@type\":\"BreadcrumbList\",\"@id\":\"https:\\\/\\\/www.vpksystem.sk\\\/?page_id=377#breadcrumb\",\"itemListElement\":[{\"@type\":\"ListItem\",\"position\":1,\"name\":\"Home\",\"item\":\"https:\\\/\\\/www.vpksystem.sk\\\/\"},{\"@type\":\"ListItem\",\"position\":2,\"name\":\"O mne\"}]},{\"@type\":\"WebSite\",\"@id\":\"https:\\\/\\\/www.vpksystem.sk\\\/#website\",\"url\":\"https:\\\/\\\/www.vpksystem.sk\\\/\",\"name\":\"vpksystem.sk\",\"description\":\"servis, rev\u00edzie, oprava a \u00fadr\u017eba plynov\u00fdch kotlov, \u010distenie k\u00farenia Trnava\",\"potentialAction\":[{\"@type\":\"SearchAction\",\"target\":{\"@type\":\"EntryPoint\",\"urlTemplate\":\"https:\\\/\\\/www.vpksystem.sk\\\/?s={search_term_string}\"},\"query-input\":{\"@type\":\"PropertyValueSpecification\",\"valueRequired\":true,\"valueName\":\"search_term_string\"}}],\"inLanguage\":\"sk-SK\"}]}<\/script>\n<!-- \/ Yoast SEO plugin. -->","yoast_head_json":{"title":"O mne - vpksystem.sk","robots":{"index":"index","follow":"follow","max-snippet":"max-snippet:-1","max-image-preview":"max-image-preview:large","max-video-preview":"max-video-preview:-1"},"canonical":"https:\/\/www.vpksystem.sk\/?page_id=377","og_locale":"sk_SK","og_type":"article","og_title":"O mne - vpksystem.sk","og_url":"https:\/\/www.vpksystem.sk\/?page_id=377","og_site_name":"vpksystem.sk","article_publisher":"https:\/\/www.facebook.com\/vpksystem.sk\/","twitter_card":"summary_large_image","schema":{"@context":"https:\/\/schema.org","@graph":[{"@type":"WebPage","@id":"https:\/\/www.vpksystem.sk\/?page_id=377","url":"https:\/\/www.vpksystem.sk\/?page_id=377","name":"O mne - vpksystem.sk","isPartOf":{"@id":"https:\/\/www.vpksystem.sk\/#website"},"datePublished":"2025-09-22T16:17:39+00:00","breadcrumb":{"@id":"https:\/\/www.vpksystem.sk\/?page_id=377#breadcrumb"},"inLanguage":"sk-SK","potentialAction":[{"@type":"ReadAction","target":["https:\/\/www.vpksystem.sk\/?page_id=377"]}]},{"@type":"BreadcrumbList","@id":"https:\/\/www.vpksystem.sk\/?page_id=377#breadcrumb","itemListElement":[{"@type":"ListItem","position":1,"name":"Home","item":"https:\/\/www.vpksystem.sk\/"},{"@type":"ListItem","position":2,"name":"O mne"}]},{"@type":"WebSite","@id":"https:\/\/www.vpksystem.sk\/#website","url":"https:\/\/www.vpksystem.sk\/","name":"vpksystem.sk","description":"servis, rev\u00edzie, oprava a \u00fadr\u017eba plynov\u00fdch kotlov, \u010distenie k\u00farenia Trnava","potentialAction":[{"@type":"SearchAction","target":{"@type":"EntryPoint","urlTemplate":"https:\/\/www.vpksystem.sk\/?s={search_term_string}"},"query-input":{"@type":"PropertyValueSpecification","valueRequired":true,"valueName":"search_term_string"}}],"inLanguage":"sk-SK"}]}},"_links":{"self":[{"href":"https:\/\/www.vpksystem.sk\/index.php?rest_route=\/wp\/v2\/pages\/377","targetHints":{"allow":["GET"]}}],"collection":[{"href":"https:\/\/www.vpksystem.sk\/index.php?rest_route=\/wp\/v2\/pages"}],"about":[{"href":"https:\/\/www.vpksystem.sk\/index.php?rest_route=\/wp\/v2\/types\/page"}],"author":[{"embeddable":true,"href":"https:\/\/www.vpksystem.sk\/index.php?rest_route=\/wp\/v2\/users\/1"}],"replies":[{"embeddable":true,"href":"https:\/\/www.vpksystem.sk\/index.php?rest_route=%2Fwp%2Fv2%2Fcomments&post=377"}],"version-history":[{"count":1,"href":"https:\/\/www.vpksystem.sk\/index.php?rest_route=\/wp\/v2\/pages\/377\/revisions"}],"predecessor-version":[{"id":378,"href":"https:\/\/www.vpksystem.sk\/index.php?rest_route=\/wp\/v2\/pages\/377\/revisions\/378"}],"wp:attachment":[{"href":"https:\/\/www.vpksystem.sk\/index.php?rest_route=%2Fwp%2Fv2%2Fmedia&parent=377"}],"curies":[{"name":"wp","href":"https:\/\/api.w.org\/{rel}","templated":true}]}}